{"id":10199,"date":"2025-05-06T12:15:12","date_gmt":"2025-05-06T12:15:12","guid":{"rendered":"https:\/\/autolegere.cz\/?page_id=10199"},"modified":"2025-05-06T12:20:16","modified_gmt":"2025-05-06T12:20:16","slug":"vase-cesta-k-vozu","status":"publish","type":"page","link":"https:\/\/autolegere.cz\/index.php\/vase-cesta-k-vozu\/","title":{"rendered":"VA\u0160E CESTA K VOZU"},"content":{"rendered":"\t\t<div data-elementor-type=\"wp-page\" data-elementor-id=\"10199\" class=\"elementor elementor-10199\">\n\t\t\t\t<div class=\"elementor-element elementor-element-f8c8015 e-flex e-con-boxed rt-default-class e-con e-parent\" data-id=\"f8c8015\" data-element_type=\"container\">\n\t\t\t\t\t<div class=\"e-con-inner\">\n\t\t\t\t<div class=\"elementor-element elementor-element-791d8e8 rt-default-class elementor-widget elementor-widget-text-editor\" data-id=\"791d8e8\" data-element_type=\"widget\" data-widget_type=\"text-editor.default\">\n\t\t\t\t<div class=\"elementor-widget-container\">\n\t\t\t\t\t\t\t\t\t<h2 class=\"\" data-start=\"173\" data-end=\"210\">\ud83d\ude98 Va\u0161e cesta k vozu od AUTOLEGERE<\/h2><p class=\"\" data-start=\"212\" data-end=\"353\">Po\u0159\u00eddit auto od n\u00e1s je <strong data-start=\"235\" data-end=\"265\">jednoduch\u00e9 a transparentn\u00ed<\/strong>.<br data-start=\"266\" data-end=\"269\" \/>\u00a0Postupujte podle t\u011bchto krok\u016f a budete m\u00edt sv\u00e9 z\u00e1novn\u00ed vozidlo v co nejkrat\u0161\u00edm \u010dase.<\/p><hr class=\"\" data-start=\"355\" data-end=\"358\" \/><h3 class=\"\" data-start=\"360\" data-end=\"385\">\ud83d\udfe1 1. V\u00fdb\u011br vozidla<\/h3><p class=\"\" data-start=\"386\" data-end=\"556\">\ud83d\udd0e Prohl\u00e9dn\u011bte si na\u0161\u00ed aktu\u00e1ln\u00ed nab\u00eddku vozidel na webu nebo n\u00e1s kontaktujte pro individu\u00e1ln\u00ed nab\u00eddku.<br data-start=\"488\" data-end=\"491\" \/>\ud83d\ude97 Zvolte si vozidlo, kter\u00e9 vyhovuje Va\u0161\u00edm pot\u0159eb\u00e1m a po\u017eadavk\u016fm.<\/p><hr class=\"\" data-start=\"558\" data-end=\"561\" \/><h3 class=\"\" data-start=\"563\" data-end=\"596\">\ud83d\udfe1 2. Rezervace a prohl\u00eddka<\/h3><p class=\"\" data-start=\"597\" data-end=\"769\">\ud83d\udcde Pokud m\u00e1te z\u00e1jem o konkr\u00e9tn\u00ed vozidlo, rezervujte jej telefonicky nebo e-mailem.<br data-start=\"679\" data-end=\"682\" \/>\ud83d\udc40 Nav\u0161tivte n\u00e1s nebo si domluvte osobn\u00ed prohl\u00eddku, abyste se p\u0159esv\u011bd\u010dili o stavu vozu.<\/p><hr class=\"\" data-start=\"771\" data-end=\"774\" \/><h3 class=\"\" data-start=\"776\" data-end=\"807\">\ud83d\udfe1 3. N\u00e1kup a financov\u00e1n\u00ed<\/h3><p class=\"\" data-start=\"808\" data-end=\"934\">\ud83d\udcbc Pokud jste spokojeni, p\u0159istoup\u00edme k n\u00e1kupu.<br data-start=\"854\" data-end=\"857\" \/>\ud83d\udcb3 Spole\u010dn\u011b projdeme mo\u017enosti financov\u00e1n\u00ed a vybereme tu nejvhodn\u011bj\u0161\u00ed cestu pro V\u00e1s.<\/p><hr class=\"\" data-start=\"936\" data-end=\"939\" \/><h3 class=\"\" data-start=\"941\" data-end=\"972\">\ud83d\udfe1 4. P\u0159evod a registrace<\/h3><p class=\"\" data-start=\"973\" data-end=\"1095\">\ud83d\udcdd Zajist\u00edme ve\u0161ker\u00e9 dokumenty pro p\u0159evod vozidla na Va\u0161e jm\u00e9no.<br data-start=\"1037\" data-end=\"1040\" \/>\ud83d\udcc4 Pom\u016f\u017eeme V\u00e1m i s registrac\u00ed a dal\u0161\u00ed administrativou.<\/p><hr class=\"\" data-start=\"1097\" data-end=\"1100\" \/><h3 class=\"\" data-start=\"1102\" data-end=\"1129\">\ud83d\udfe1 5. P\u0159ed\u00e1n\u00ed vozidla<\/h3><p class=\"\" data-start=\"1130\" data-end=\"1255\">\ud83d\udcc5 Vozidlo V\u00e1m p\u0159ed\u00e1me ve smluven\u00fd term\u00edn a na smluven\u00e9m m\u00edst\u011b.<br data-start=\"1193\" data-end=\"1196\" \/>\ud83d\udcd8 Provedeme kr\u00e1tkou instrukt\u00e1\u017e a zodpov\u00edme ve\u0161ker\u00e9 dotazy.<\/p><hr class=\"\" data-start=\"1257\" data-end=\"1260\" \/><h3 class=\"\" data-start=\"1262\" data-end=\"1284\">\ud83d\udee0\ufe0f Dal\u0161\u00ed slu\u017eby<\/h3><p class=\"\" data-start=\"1285\" data-end=\"1358\">\ud83d\udd27 Nab\u00edz\u00edme tak\u00e9 servisn\u00ed podporu<br data-start=\"1318\" data-end=\"1321\" \/>\ud83d\udee1\ufe0f Pom\u016f\u017eeme V\u00e1m s poji\u0161t\u011bn\u00edm vozidla<\/p>\t\t\t\t\t\t\t\t<\/div>\n\t\t\t\t<\/div>\n\t\t\t\t\t<\/div>\n\t\t\t\t<\/div>\n\t\t\t\t<\/div>\n\t\t","protected":false},"excerpt":{"rendered":"<p>\ud83d\ude98 Va\u0161e cesta k vozu od AUTOLEGERE Po\u0159\u00eddit auto od n\u00e1s je jednoduch\u00e9 a transparentn\u00ed.\u00a0Postupujte podle t\u011bchto krok\u016f a budete m\u00edt sv\u00e9 z\u00e1novn\u00ed vozidlo v co nejkrat\u0161\u00edm \u010dase. \ud83d\udfe1 1. V\u00fdb\u011br vozidla \ud83d\udd0e Prohl\u00e9dn\u011bte si na\u0161\u00ed aktu\u00e1ln\u00ed nab\u00eddku vozidel na webu nebo n\u00e1s kontaktujte pro individu\u00e1ln\u00ed nab\u00eddku.\ud83d\ude97 Zvolte si vozidlo, kter\u00e9 vyhovuje Va\u0161\u00edm pot\u0159eb\u00e1m a&#8230;<\/p>\n","protected":false},"author":1,"featured_media":0,"parent":0,"menu_order":0,"comment_status":"closed","ping_status":"closed","template":"","meta":{"footnotes":""},"class_list":["post-10199","page","type-page","status-publish","hentry"],"_links":{"self":[{"href":"https:\/\/autolegere.cz\/index.php\/wp-json\/wp\/v2\/pages\/10199","targetHints":{"allow":["GET"]}}],"collection":[{"href":"https:\/\/autolegere.cz\/index.php\/wp-json\/wp\/v2\/pages"}],"about":[{"href":"https:\/\/autolegere.cz\/index.php\/wp-json\/wp\/v2\/types\/page"}],"author":[{"embeddable":true,"href":"https:\/\/autolegere.cz\/index.php\/wp-json\/wp\/v2\/users\/1"}],"replies":[{"embeddable":true,"href":"https:\/\/autolegere.cz\/index.php\/wp-json\/wp\/v2\/comments?post=10199"}],"version-history":[{"count":7,"href":"https:\/\/autolegere.cz\/index.php\/wp-json\/wp\/v2\/pages\/10199\/revisions"}],"predecessor-version":[{"id":10208,"href":"https:\/\/autolegere.cz\/index.php\/wp-json\/wp\/v2\/pages\/10199\/revisions\/10208"}],"wp:attachment":[{"href":"https:\/\/autolegere.cz\/index.php\/wp-json\/wp\/v2\/media?parent=10199"}],"curies":[{"name":"wp","href":"https:\/\/api.w.org\/{rel}","templated":true}]}}