{"id":10152,"date":"2025-05-05T13:00:58","date_gmt":"2025-05-05T13:00:58","guid":{"rendered":"https:\/\/autolegere.cz\/?page_id=10152"},"modified":"2025-05-06T12:08:45","modified_gmt":"2025-05-06T12:08:45","slug":"nase-sluzby","status":"publish","type":"page","link":"https:\/\/autolegere.cz\/index.php\/nase-sluzby\/","title":{"rendered":"NA\u0160E SLU\u017dBY"},"content":{"rendered":"\t\t<div data-elementor-type=\"wp-page\" data-elementor-id=\"10152\" class=\"elementor elementor-10152\">\n\t\t\t\t<div class=\"elementor-element elementor-element-a831f29 e-grid e-con-boxed rt-default-class e-con e-parent\" data-id=\"a831f29\" data-element_type=\"container\">\n\t\t\t\t\t<div class=\"e-con-inner\">\n\t\t\t\t<div class=\"elementor-element elementor-element-d13e501 rt-default-class elementor-widget elementor-widget-text-editor\" data-id=\"d13e501\" data-element_type=\"widget\" data-widget_type=\"text-editor.default\">\n\t\t\t\t<div class=\"elementor-widget-container\">\n\t\t\t\t\t\t\t\t\t<h2 class=\"\" data-start=\"140\" data-end=\"156\">\ud83d\ude97 N\u00e1\u0161 proces<\/h2><h3 class=\"\" data-start=\"158\" data-end=\"181\">\ud83d\udfe1 V\u00fdb\u011br vozidel<\/h3><p class=\"\" data-start=\"182\" data-end=\"306\">\ud83d\udd0d Pe\u010dliv\u011b vyb\u00edr\u00e1me vozidla, kter\u00e1 byla <strong data-start=\"222\" data-end=\"241\">lehce po\u0161kozena<\/strong>, ale maj\u00ed potenci\u00e1l b\u00fdt po oprav\u011b <strong data-start=\"276\" data-end=\"305\">pln\u011b funk\u010dn\u00ed a spolehliv\u00e1<\/strong>.<\/p><h3 class=\"\" data-start=\"308\" data-end=\"324\">\ud83d\udfe1 Opravy<\/h3><p class=\"\" data-start=\"325\" data-end=\"485\">\ud83d\udee0\ufe0f Na\u0161e zku\u0161en\u00e9 t\u00fdmy pracuj\u00ed s maxim\u00e1ln\u00ed pe\u010dlivost\u00ed, <strong data-start=\"379\" data-end=\"416\">jako by \u0161lo o jejich vlastn\u00ed auta<\/strong>. Pou\u017e\u00edv\u00e1me pouze <strong data-start=\"434\" data-end=\"460\">kvalitn\u00ed n\u00e1hradn\u00ed d\u00edly<\/strong> a db\u00e1me na ka\u017ed\u00fd detail.<\/p><h3 class=\"\" data-start=\"487\" data-end=\"517\">\ud83d\udfe1 Kontrola a testov\u00e1n\u00ed<\/h3><p class=\"\" data-start=\"518\" data-end=\"653\">\u2705 Ka\u017ed\u00e9 vozidlo je <strong data-start=\"537\" data-end=\"576\">d\u016fkladn\u011b zkontrolov\u00e1no a otestov\u00e1no<\/strong>, aby spl\u0148ovalo na\u0161e <strong data-start=\"597\" data-end=\"617\">vysok\u00e9 standardy<\/strong> p\u0159ed t\u00edm, ne\u017e putuje k z\u00e1kazn\u00edkovi.<\/p><h3 class=\"\" data-start=\"655\" data-end=\"671\">\ud83d\udfe1 Prodej<\/h3><p class=\"\" data-start=\"672\" data-end=\"794\">\ud83c\udf89 Dod\u00e1v\u00e1me vozidla, kter\u00e1 jsou nejen <strong data-start=\"710\" data-end=\"721\">funk\u010dn\u00ed<\/strong>, ale i <strong data-start=\"729\" data-end=\"751\">esteticky vylad\u011bn\u00e1<\/strong> \u2013 p\u0159ipravena d\u011blat radost nov\u00e9mu majiteli.<\/p><hr class=\"\" data-start=\"796\" data-end=\"799\" \/><h2 data-start=\"801\" data-end=\"836\">\u00a0<\/h2><h2 data-start=\"801\" data-end=\"836\">\u00a0<\/h2><h2 class=\"\" data-start=\"801\" data-end=\"836\">\u2b50 Pro\u010d si vybrat <strong data-start=\"821\" data-end=\"835\">AUTOLEGERE<\/strong>?<\/h2><h3 class=\"\" data-start=\"838\" data-end=\"854\">\ud83d\udd27 Kvalita<\/h3><p class=\"\" data-start=\"855\" data-end=\"948\">Vozidla proch\u00e1zej\u00ed d\u016fkladnou opravou a kontrolou, aby byla <strong data-start=\"914\" data-end=\"947\">spolehliv\u00e1 a ve skv\u011bl\u00e9m stavu<\/strong>.<\/p><h3 class=\"\" data-start=\"950\" data-end=\"963\">\ud83d\udcb0 Cena<\/h3><p class=\"\" data-start=\"964\" data-end=\"1075\">Nab\u00edz\u00edme <strong data-start=\"973\" data-end=\"989\">v\u00fdhodn\u00e9 ceny<\/strong> za <strong data-start=\"993\" data-end=\"1012\">z\u00e1novn\u00ed vozidla<\/strong> s n\u00edzk\u00fdm n\u00e1jezdem a ov\u011b\u0159enou histori\u00ed od <strong data-start=\"1054\" data-end=\"1074\">prvn\u00edch majitel\u016f<\/strong>.<\/p><h3 class=\"\" data-start=\"1077\" data-end=\"1098\">\ud83e\uddfe Transparence<\/h3><p class=\"\" data-start=\"1099\" data-end=\"1207\">U n\u00e1s v\u00edte, co kupujete. Sd\u00edl\u00edme <strong data-start=\"1132\" data-end=\"1180\">ve\u0161ker\u00e9 informace o historii a stavu vozidla<\/strong> \u2013 bez skryt\u00fdch p\u0159ekvapen\u00ed.<\/p><hr class=\"\" data-start=\"1209\" data-end=\"1212\" \/><h2 data-start=\"1214\" data-end=\"1235\">\u00a0<\/h2><h2 data-start=\"1214\" data-end=\"1235\">\u00a0<\/h2><h2 class=\"\" data-start=\"1214\" data-end=\"1235\">\ud83d\udcde Kontaktujte n\u00e1s<\/h2><p class=\"\" data-start=\"1237\" data-end=\"1366\">M\u00e1te z\u00e1jem o <strong data-start=\"1250\" data-end=\"1285\">spolehliv\u00e9 auto za skv\u011blou cenu<\/strong>?<br data-start=\"1286\" data-end=\"1289\" \/>\ud83d\udc49 <strong data-start=\"1292\" data-end=\"1309\">Ozv\u011bte se n\u00e1m<\/strong> \u2013 r\u00e1di V\u00e1m pom\u016f\u017eeme naj\u00edt ide\u00e1ln\u00ed vozidlo pr\u00e1v\u011b pro V\u00e1s.<\/p><p class=\"\" data-start=\"1237\" data-end=\"1366\">\u00a0<\/p>\t\t\t\t\t\t\t\t<\/div>\n\t\t\t\t<\/div>\n\t\t\t\t\t<\/div>\n\t\t\t\t<\/div>\n\t\t\t\t<\/div>\n\t\t","protected":false},"excerpt":{"rendered":"<p>\ud83d\ude97 N\u00e1\u0161 proces \ud83d\udfe1 V\u00fdb\u011br vozidel \ud83d\udd0d Pe\u010dliv\u011b vyb\u00edr\u00e1me vozidla, kter\u00e1 byla lehce po\u0161kozena, ale maj\u00ed potenci\u00e1l b\u00fdt po oprav\u011b pln\u011b funk\u010dn\u00ed a spolehliv\u00e1. \ud83d\udfe1 Opravy \ud83d\udee0\ufe0f Na\u0161e zku\u0161en\u00e9 t\u00fdmy pracuj\u00ed s maxim\u00e1ln\u00ed pe\u010dlivost\u00ed, jako by \u0161lo o jejich vlastn\u00ed auta. Pou\u017e\u00edv\u00e1me pouze kvalitn\u00ed n\u00e1hradn\u00ed d\u00edly a db\u00e1me na ka\u017ed\u00fd detail. \ud83d\udfe1 Kontrola a testov\u00e1n\u00ed&#8230;<\/p>\n","protected":false},"author":1,"featured_media":0,"parent":0,"menu_order":0,"comment_status":"closed","ping_status":"closed","template":"","meta":{"footnotes":""},"class_list":["post-10152","page","type-page","status-publish","hentry"],"_links":{"self":[{"href":"https:\/\/autolegere.cz\/index.php\/wp-json\/wp\/v2\/pages\/10152","targetHints":{"allow":["GET"]}}],"collection":[{"href":"https:\/\/autolegere.cz\/index.php\/wp-json\/wp\/v2\/pages"}],"about":[{"href":"https:\/\/autolegere.cz\/index.php\/wp-json\/wp\/v2\/types\/page"}],"author":[{"embeddable":true,"href":"https:\/\/autolegere.cz\/index.php\/wp-json\/wp\/v2\/users\/1"}],"replies":[{"embeddable":true,"href":"https:\/\/autolegere.cz\/index.php\/wp-json\/wp\/v2\/comments?post=10152"}],"version-history":[{"count":13,"href":"https:\/\/autolegere.cz\/index.php\/wp-json\/wp\/v2\/pages\/10152\/revisions"}],"predecessor-version":[{"id":10198,"href":"https:\/\/autolegere.cz\/index.php\/wp-json\/wp\/v2\/pages\/10152\/revisions\/10198"}],"wp:attachment":[{"href":"https:\/\/autolegere.cz\/index.php\/wp-json\/wp\/v2\/media?parent=10152"}],"curies":[{"name":"wp","href":"https:\/\/api.w.org\/{rel}","templated":true}]}}